{"id":860,"date":"2022-08-11T11:28:24","date_gmt":"2022-08-11T14:28:24","guid":{"rendered":"https:\/\/www.labohemebuzios.com\/es\/?page_id=860"},"modified":"2022-08-17T14:46:59","modified_gmt":"2022-08-17T17:46:59","slug":"terminos-y-condiciones","status":"publish","type":"page","link":"https:\/\/www.labohemebuzios.com\/pt-br\/terminos-y-condiciones\/","title":{"rendered":"Pol\u00edticas e condi\u00e7\u00f5es"},"content":{"rendered":"\n<p><strong>Pol\u00edtica de Privacidade La Boheme Hotel &#038; Apart Hotel<\/strong><\/p>\n\n\n\n<p>La Boheme Hotel &#038; Apart Hotel opera o site www.labohemebuzios.com, que presta o SERVI\u00c7O.<\/p>\n\n\n\n<p>Esta p\u00e1gina \u00e9 usada para informar os visitantes do site sobre nossas pol\u00edticas de coleta, uso e divulga\u00e7\u00e3o de informa\u00e7\u00f5es pessoais se algu\u00e9m optar por usar nosso Servi\u00e7o, em www.labohemebuzios.com.<\/p>\n\n\n\n<p>Se voc\u00ea optar por usar nosso Servi\u00e7o, voc\u00ea concorda com a coleta e uso de informa\u00e7\u00f5es em rela\u00e7\u00e3o a esta pol\u00edtica. As informa\u00e7\u00f5es pessoais que coletamos s\u00e3o usadas para fornecer e melhorar o Servi\u00e7o. N\u00e3o usaremos ou compartilharemos suas informa\u00e7\u00f5es com ningu\u00e9m, exceto conforme descrito nesta Pol\u00edtica de Privacidade.<\/p>\n\n\n\n<p>Os termos utilizados nesta Pol\u00edtica de Privacidade t\u00eam os mesmos significados que em nossos Termos e Condi\u00e7\u00f5es, que podem ser acessados \u200b\u200bem https:\/\/www.labohemebuzios.com\/es\/terminos-y-condiciones\/, salvo defini\u00e7\u00e3o em contr\u00e1rio nesta Pol\u00edtica de Privacidade.<\/p>\n\n\n\n<p><strong>Coleta e uso de informa\u00e7\u00f5es<\/strong><\/p>\n\n\n\n<p>Para uma melhor experi\u00eancia ao usar nosso Servi\u00e7o, podemos exigir que voc\u00ea nos forne\u00e7a certas informa\u00e7\u00f5es de identifica\u00e7\u00e3o pessoal, incluindo, mas n\u00e3o se limitando a, seu nome, n\u00famero de telefone e endere\u00e7o de correspond\u00eancia. As informa\u00e7\u00f5es que coletamos ser\u00e3o usadas para contat\u00e1-lo ou identific\u00e1-lo.<\/p>\n\n\n\n<p><strong>Dados cadastrais<\/strong><\/p>\n\n\n\n<p>Queremos inform\u00e1-lo que cada vez que voc\u00ea visita nosso Servi\u00e7o, coletamos informa\u00e7\u00f5es que seu navegador nos envia chamadas Dados de Log. Esses Dados de Registro podem incluir informa\u00e7\u00f5es como o endere\u00e7o do Protocolo de Internet (&#8220;IP&#8221;) do seu computador, a vers\u00e3o do navegador, as p\u00e1ginas do nosso Servi\u00e7o que voc\u00ea visita, a hora e a data da sua visita, o tempo gasto nessas p\u00e1ginas e outras estat\u00edsticas.<\/p>\n\n\n\n<p><strong>Cookies<\/strong><\/p>\n\n\n\n<p>Cookies s\u00e3o arquivos com uma pequena quantidade de dados que s\u00e3o comumente usados \u200b\u200bcomo um identificador \u00fanico an\u00f4nimo. Eles s\u00e3o enviados para o seu navegador a partir do site que voc\u00ea visita e s\u00e3o armazenados no disco r\u00edgido do seu computador.<\/p>\n\n\n\n<p>Nosso site usa esses &#8220;cookies&#8221; para coletar informa\u00e7\u00f5es e melhorar nosso Servi\u00e7o. Voc\u00ea tem a op\u00e7\u00e3o de aceitar ou rejeitar esses cookies e saber quando um cookie \u00e9 enviado ao seu computador. Se voc\u00ea optar por rejeitar nossos cookies, talvez n\u00e3o consiga usar algumas partes do nosso Servi\u00e7o.<\/p>\n\n\n\n<p><strong>Cancelamento \/ Pr\u00e9-pagamento:<\/strong><br>As pol\u00edticas de cancelamento e pr\u00e9-pagamento podem variar dependendo do tipo de acomoda\u00e7\u00e3o.<br>Consulte as condi\u00e7\u00f5es do quarto selecionado no motor de reservas do nosso site.<br><br><strong>Pol\u00edticas menores:<\/strong><br>Crian\u00e7as de todas as idades podem ser acomodadas.<br>Para ver as informa\u00e7\u00f5es corretas sobre pre\u00e7os e ocupa\u00e7\u00e3o, adicione o n\u00famero de menores em seu grupo e suas idades \u00e0 sua pesquisa.<br><strong><br>Pol\u00edticas de cama e ber\u00e7o:<\/strong><br>Dispon\u00edvel em todos os quartos<br><br><strong>Cart\u00f5es aceitos no Hotel:<\/strong> <\/p>\n\n\n\n<figure class=\"wp-block-image size-full is-resized\"><img loading=\"lazy\" decoding=\"async\" src=\"https:\/\/www.labohemebuzios.com\/wp-content\/uploads\/2022\/08\/targetas.png\" alt=\"\" class=\"wp-image-885\" width=\"246\" height=\"34\" srcset=\"https:\/\/www.labohemebuzios.com\/wp-content\/uploads\/2022\/08\/targetas.png 477w, https:\/\/www.labohemebuzios.com\/wp-content\/uploads\/2022\/08\/targetas-150x21.png 150w\" sizes=\"auto, (max-width: 246px) 100vw, 246px\" \/><figcaption>MasterCard, Visa, Diners Club, American Express.<\/figcaption><\/figure>\n\n\n\n<p><br><strong>O Hotel reserva-se o direito de efetuar a cobran\u00e7a a qualquer momento ap\u00f3s efetuar a reserva<\/strong><\/p>\n","protected":false},"excerpt":{"rendered":"<p>Pol\u00edtica de Privacidade La Boheme Hotel &#038; Apart Hotel La Boheme Hotel &#038; Apart Hotel opera o site www.labohemebuzios.com, que presta o SERVI\u00c7O. Esta p\u00e1gina \u00e9 usada para informar os visitantes do site sobre nossas pol\u00edticas de coleta, uso e divulga\u00e7\u00e3o de informa\u00e7\u00f5es pessoais se algu\u00e9m optar por usar nosso Servi\u00e7o, em www.labohemebuzios.com. Se voc\u00ea [&hellip;]<\/p>\n","protected":false},"author":2,"featured_media":0,"parent":0,"menu_order":1,"comment_status":"closed","ping_status":"closed","template":"pages\/page-standard.php","meta":{"footnotes":""},"class_list":["post-860","page","type-page","status-publish","hentry"],"acf":[],"_links":{"self":[{"href":"https:\/\/www.labohemebuzios.com\/pt-br\/wp-json\/wp\/v2\/pages\/860","targetHints":{"allow":["GET"]}}],"collection":[{"href":"https:\/\/www.labohemebuzios.com\/pt-br\/wp-json\/wp\/v2\/pages"}],"about":[{"href":"https:\/\/www.labohemebuzios.com\/pt-br\/wp-json\/wp\/v2\/types\/page"}],"author":[{"embeddable":true,"href":"https:\/\/www.labohemebuzios.com\/pt-br\/wp-json\/wp\/v2\/users\/2"}],"replies":[{"embeddable":true,"href":"https:\/\/www.labohemebuzios.com\/pt-br\/wp-json\/wp\/v2\/comments?post=860"}],"version-history":[{"count":25,"href":"https:\/\/www.labohemebuzios.com\/pt-br\/wp-json\/wp\/v2\/pages\/860\/revisions"}],"predecessor-version":[{"id":909,"href":"https:\/\/www.labohemebuzios.com\/pt-br\/wp-json\/wp\/v2\/pages\/860\/revisions\/909"}],"wp:attachment":[{"href":"https:\/\/www.labohemebuzios.com\/pt-br\/wp-json\/wp\/v2\/media?parent=860"}],"curies":[{"name":"wp","href":"https:\/\/api.w.org\/{rel}","templated":true}]}}